{"id":630,"date":"2022-01-11T19:03:26","date_gmt":"2022-01-11T18:03:26","guid":{"rendered":"http:\/\/gwiezdnykrag.pl\/?page_id=630"},"modified":"2026-02-26T19:45:16","modified_gmt":"2026-02-26T18:45:16","slug":"harmonogram","status":"publish","type":"page","link":"https:\/\/gwiezdnykrag.pl\/index.php\/harmonogram\/","title":{"rendered":"Harmonogram"},"content":{"rendered":"\n<h4 class=\"wp-block-heading has-text-align-center\">XXI Og\u00f3lnopolskiej Olimpiady Wiedzy o Unii Europejskiej \u201eGwiezdny Kr\u0105g\u201d<\/h4>\n\n\n\n<figure class=\"wp-block-table\"><table class=\"has-fixed-layout\"><tbody><tr><td class=\"has-text-align-center\" data-align=\"center\"><strong>Data<\/strong><\/td><td class=\"has-text-align-center\" data-align=\"center\"><strong>Wydarzenie<\/strong><\/td><\/tr><tr><td class=\"has-text-align-center\" data-align=\"center\">31.01.2026 r.<\/td><td class=\"has-text-align-center\" data-align=\"center\">publikacja listy zagadnie\u0144 \u2013 Za\u0142\u0105cznik nr 2 Regulaminu<\/td><\/tr><tr><td class=\"has-text-align-center\" data-align=\"center\">16.03.2026 r.<\/td><td class=\"has-text-align-center\" data-align=\"center\">termin wysy\u0142ania zg\u0142osze\u0144 przez szko\u0142y<\/td><\/tr><tr><td class=\"has-text-align-center\" data-align=\"center\">20.03.2026 r., godz. 10.00<\/td><td class=\"has-text-align-center\" data-align=\"center\">zawody I stopnia<\/td><\/tr><tr><td class=\"has-text-align-center\" data-align=\"center\">23.03.2026 r.<\/td><td class=\"has-text-align-center\" data-align=\"center\">wyniki zawod\u00f3w I stopnia<\/td><\/tr><tr><td class=\"has-text-align-center\" data-align=\"center\">27.03.2026 r.<\/td><td class=\"has-text-align-center\" data-align=\"center\">Publikacja lokalizacji centr\u00f3w egzaminacyjnych zawod\u00f3w II stopnia.<\/td><\/tr><tr><td class=\"has-text-align-center\" data-align=\"center\">8.04.2026 r., godz. 10.00<\/td><td class=\"has-text-align-center\" data-align=\"center\">zawody II stopnia<\/td><\/tr><tr><td class=\"has-text-align-center\" data-align=\"center\">13.04.2026 r.<\/td><td class=\"has-text-align-center\" data-align=\"center\">wyniki zawod\u00f3w II stopnia<\/td><\/tr><tr><td class=\"has-text-align-center\" data-align=\"center\">27.04.2026 r., godz. 10.00<\/td><td class=\"has-text-align-center\" data-align=\"center\">zawody III stopnia \u2013 cz\u0119\u015b\u0107 I<\/td><\/tr><tr><td class=\"has-text-align-center\" data-align=\"center\">8.05.2026 r.<\/td><td class=\"has-text-align-center\" data-align=\"center\">wyniki zawod\u00f3w III stopnia \u2013 cz\u0119\u015b\u0107 I<\/td><\/tr><tr><td class=\"has-text-align-center\" data-align=\"center\">11.06.2026 r.<\/td><td class=\"has-text-align-center\" data-align=\"center\">zawody III stopnia \u2013 cz\u0119\u015b\u0107 II i III<\/td><\/tr><tr><td class=\"has-text-align-center\" data-align=\"center\">12.06.2026 r.<\/td><td class=\"has-text-align-center\" data-align=\"center\">Uroczysta Gala Og\u0142oszenia Wynik\u00f3w i Wr\u0119czenia Nagr\u00f3d<\/td><\/tr><\/tbody><\/table><\/figure>\n","protected":false},"excerpt":{"rendered":"<p>XXI Og\u00f3lnopolskiej Olimpiady Wiedzy o Unii Europejskiej \u201eGwiezdny Kr\u0105g\u201d Data Wydarzenie 31.01.2026 r. publikacja listy zagadnie\u0144 \u2013 Za\u0142\u0105cznik nr 2 Regulaminu 16.03.2026 r. termin wysy\u0142ania zg\u0142osze\u0144 przez szko\u0142y 20.03.2026 r., godz. 10.00 zawody I stopnia 23.03.2026 r. wyniki zawod\u00f3w I stopnia 27.03.2026 r. Publikacja lokalizacji centr\u00f3w egzaminacyjnych zawod\u00f3w II stopnia. 8.04.2026 r., godz. 10.00 zawody [&hellip;]<\/p>\n","protected":false},"author":2,"featured_media":0,"parent":0,"menu_order":0,"comment_status":"closed","ping_status":"closed","template":"","meta":{"footnotes":""},"class_list":["post-630","page","type-page","status-publish","hentry"],"_links":{"self":[{"href":"https:\/\/gwiezdnykrag.pl\/index.php\/wp-json\/wp\/v2\/pages\/630","targetHints":{"allow":["GET"]}}],"collection":[{"href":"https:\/\/gwiezdnykrag.pl\/index.php\/wp-json\/wp\/v2\/pages"}],"about":[{"href":"https:\/\/gwiezdnykrag.pl\/index.php\/wp-json\/wp\/v2\/types\/page"}],"author":[{"embeddable":true,"href":"https:\/\/gwiezdnykrag.pl\/index.php\/wp-json\/wp\/v2\/users\/2"}],"replies":[{"embeddable":true,"href":"https:\/\/gwiezdnykrag.pl\/index.php\/wp-json\/wp\/v2\/comments?post=630"}],"version-history":[{"count":15,"href":"https:\/\/gwiezdnykrag.pl\/index.php\/wp-json\/wp\/v2\/pages\/630\/revisions"}],"predecessor-version":[{"id":1414,"href":"https:\/\/gwiezdnykrag.pl\/index.php\/wp-json\/wp\/v2\/pages\/630\/revisions\/1414"}],"wp:attachment":[{"href":"https:\/\/gwiezdnykrag.pl\/index.php\/wp-json\/wp\/v2\/media?parent=630"}],"curies":[{"name":"wp","href":"https:\/\/api.w.org\/{rel}","templated":true}]}}