{"id":25,"date":"2022-01-29T02:00:54","date_gmt":"2022-01-29T01:00:54","guid":{"rendered":"http:\/\/serwer2068585.home.pl\/autoinstalator\/wordpress1\/?page_id=25"},"modified":"2026-03-19T16:40:04","modified_gmt":"2026-03-19T15:40:04","slug":"patronat-honorowy","status":"publish","type":"page","link":"https:\/\/gwiezdnykrag.pl\/index.php\/patronat-honorowy\/","title":{"rendered":"PATRONAT HONOROWY"},"content":{"rendered":"\n<p>Patronat Honorowy nad XXI edycj\u0105 Og\u00f3lnopolskiej Olimpiady Wiedzy o Unii Europejskiej obj\u0119li:<\/p>\n\n\n<div class=\"wp-block-image\">\n<figure class=\"aligncenter size-medium\"><img loading=\"lazy\" decoding=\"async\" width=\"300\" height=\"191\" src=\"https:\/\/gwiezdnykrag.pl\/wp-content\/uploads\/2026\/03\/Patronat_honorowy_\u2013_minister_edukacji-300x191.jpg\" alt=\"\" class=\"wp-image-1421\" srcset=\"https:\/\/gwiezdnykrag.pl\/wp-content\/uploads\/2026\/03\/Patronat_honorowy_\u2013_minister_edukacji-300x191.jpg 300w, https:\/\/gwiezdnykrag.pl\/wp-content\/uploads\/2026\/03\/Patronat_honorowy_\u2013_minister_edukacji-768x490.jpg 768w, https:\/\/gwiezdnykrag.pl\/wp-content\/uploads\/2026\/03\/Patronat_honorowy_\u2013_minister_edukacji.jpg 951w\" sizes=\"auto, (max-width: 300px) 100vw, 300px\" \/><\/figure>\n<\/div>\n\n\n<hr class=\"wp-block-separator has-alpha-channel-opacity\"\/>\n\n\n\n<p class=\"has-text-align-center\">Patronat honorowy<\/p>\n\n\n<div class=\"wp-block-image\">\n<figure class=\"aligncenter size-medium\"><img loading=\"lazy\" decoding=\"async\" width=\"300\" height=\"116\" src=\"https:\/\/gwiezdnykrag.pl\/wp-content\/uploads\/2026\/03\/Minister-SZ_A_-poziom_Internet_jpg-PL-scaled-1-300x116.jpg\" alt=\"\" class=\"wp-image-1454\" srcset=\"https:\/\/gwiezdnykrag.pl\/wp-content\/uploads\/2026\/03\/Minister-SZ_A_-poziom_Internet_jpg-PL-scaled-1-300x116.jpg 300w, https:\/\/gwiezdnykrag.pl\/wp-content\/uploads\/2026\/03\/Minister-SZ_A_-poziom_Internet_jpg-PL-scaled-1-1024x396.jpg 1024w, https:\/\/gwiezdnykrag.pl\/wp-content\/uploads\/2026\/03\/Minister-SZ_A_-poziom_Internet_jpg-PL-scaled-1-768x297.jpg 768w, https:\/\/gwiezdnykrag.pl\/wp-content\/uploads\/2026\/03\/Minister-SZ_A_-poziom_Internet_jpg-PL-scaled-1-1536x595.jpg 1536w, https:\/\/gwiezdnykrag.pl\/wp-content\/uploads\/2026\/03\/Minister-SZ_A_-poziom_Internet_jpg-PL-scaled-1-2048x793.jpg 2048w\" sizes=\"auto, (max-width: 300px) 100vw, 300px\" \/><\/figure>\n<\/div>\n\n\n<hr class=\"wp-block-separator has-alpha-channel-opacity\"\/>\n\n\n<div class=\"wp-block-image\">\n<figure class=\"aligncenter size-medium\"><img loading=\"lazy\" decoding=\"async\" width=\"300\" height=\"234\" src=\"https:\/\/gwiezdnykrag.pl\/wp-content\/uploads\/2026\/03\/71594516_1206837252836380_7815993356550406144_o-300x234.png\" alt=\"\" class=\"wp-image-1422\" srcset=\"https:\/\/gwiezdnykrag.pl\/wp-content\/uploads\/2026\/03\/71594516_1206837252836380_7815993356550406144_o-300x234.png 300w, https:\/\/gwiezdnykrag.pl\/wp-content\/uploads\/2026\/03\/71594516_1206837252836380_7815993356550406144_o-1024x797.png 1024w, https:\/\/gwiezdnykrag.pl\/wp-content\/uploads\/2026\/03\/71594516_1206837252836380_7815993356550406144_o-768x598.png 768w, https:\/\/gwiezdnykrag.pl\/wp-content\/uploads\/2026\/03\/71594516_1206837252836380_7815993356550406144_o-1536x1196.png 1536w, https:\/\/gwiezdnykrag.pl\/wp-content\/uploads\/2026\/03\/71594516_1206837252836380_7815993356550406144_o.png 1772w\" sizes=\"auto, (max-width: 300px) 100vw, 300px\" \/><\/figure>\n<\/div>\n\n\n<hr class=\"wp-block-separator has-alpha-channel-opacity\"\/>\n\n\n<div class=\"wp-block-image\">\n<figure class=\"aligncenter size-medium is-resized\"><img loading=\"lazy\" decoding=\"async\" width=\"300\" height=\"165\" src=\"https:\/\/gwiezdnykrag.pl\/wp-content\/uploads\/2026\/03\/Logo-LKO-1-300x165.jpg\" alt=\"\" class=\"wp-image-1456\" style=\"width:300px;height:auto\" srcset=\"https:\/\/gwiezdnykrag.pl\/wp-content\/uploads\/2026\/03\/Logo-LKO-1-300x165.jpg 300w, https:\/\/gwiezdnykrag.pl\/wp-content\/uploads\/2026\/03\/Logo-LKO-1-1024x562.jpg 1024w, https:\/\/gwiezdnykrag.pl\/wp-content\/uploads\/2026\/03\/Logo-LKO-1-768x422.jpg 768w, https:\/\/gwiezdnykrag.pl\/wp-content\/uploads\/2026\/03\/Logo-LKO-1.jpg 1524w\" sizes=\"auto, (max-width: 300px) 100vw, 300px\" \/><\/figure>\n<\/div>\n\n\n<hr class=\"wp-block-separator has-alpha-channel-opacity\"\/>\n\n\n<div class=\"wp-block-image\">\n<figure class=\"aligncenter size-medium\"><img loading=\"lazy\" decoding=\"async\" width=\"300\" height=\"222\" src=\"https:\/\/gwiezdnykrag.pl\/wp-content\/uploads\/2026\/03\/prezydent_m_slupska_1x-300x222.png\" alt=\"\" class=\"wp-image-1423\" srcset=\"https:\/\/gwiezdnykrag.pl\/wp-content\/uploads\/2026\/03\/prezydent_m_slupska_1x-300x222.png 300w, https:\/\/gwiezdnykrag.pl\/wp-content\/uploads\/2026\/03\/prezydent_m_slupska_1x-768x569.png 768w, https:\/\/gwiezdnykrag.pl\/wp-content\/uploads\/2026\/03\/prezydent_m_slupska_1x.png 824w\" sizes=\"auto, (max-width: 300px) 100vw, 300px\" \/><\/figure>\n<\/div>\n\n\n<hr class=\"wp-block-separator has-alpha-channel-opacity\"\/>\n\n\n\n<h2 class=\"wp-block-heading\">Patronat Honorowy Pos\u0142\u00f3w i Pos\u0142anek do Parlamentu Europejskiego: <\/h2>\n\n\n\n<ul class=\"wp-block-list\">\n<li>Magdalena Adamowicz;<\/li>\n\n\n\n<li>Robert Biedro\u0144; <\/li>\n\n\n\n<li>Borys Budka; <\/li>\n\n\n\n<li>Hanna Gronkiewicz &#8211; Waltz; <\/li>\n\n\n\n<li>Andrzej Halicki; <\/li>\n\n\n\n<li>Dariusz Jo\u0144ski;<\/li>\n\n\n\n<li>\u0141ukasz Kohut;<\/li>\n\n\n\n<li>Janusz Lewandowski; <\/li>\n\n\n\n<li>Joanna Scheuring &#8211; Wielgus; <\/li>\n\n\n\n<li>Piotr M<span style=\"text-decoration: underline;\">\u00fc<\/span>ller; <\/li>\n\n\n\n<li>Bart\u0142omiej Sienkiewicz;<\/li>\n\n\n\n<li>Krzysztof \u015amiszek; <\/li>\n<\/ul>\n\n\n\n<p><\/p>\n","protected":false},"excerpt":{"rendered":"<p>Patronat Honorowy nad XXI edycj\u0105 Og\u00f3lnopolskiej Olimpiady Wiedzy o Unii Europejskiej obj\u0119li: Patronat honorowy Patronat Honorowy Pos\u0142\u00f3w i Pos\u0142anek do Parlamentu Europejskiego:<\/p>\n","protected":false},"author":1,"featured_media":0,"parent":0,"menu_order":0,"comment_status":"closed","ping_status":"closed","template":"","meta":{"footnotes":""},"class_list":["post-25","page","type-page","status-publish","hentry"],"_links":{"self":[{"href":"https:\/\/gwiezdnykrag.pl\/index.php\/wp-json\/wp\/v2\/pages\/25","targetHints":{"allow":["GET"]}}],"collection":[{"href":"https:\/\/gwiezdnykrag.pl\/index.php\/wp-json\/wp\/v2\/pages"}],"about":[{"href":"https:\/\/gwiezdnykrag.pl\/index.php\/wp-json\/wp\/v2\/types\/page"}],"author":[{"embeddable":true,"href":"https:\/\/gwiezdnykrag.pl\/index.php\/wp-json\/wp\/v2\/users\/1"}],"replies":[{"embeddable":true,"href":"https:\/\/gwiezdnykrag.pl\/index.php\/wp-json\/wp\/v2\/comments?post=25"}],"version-history":[{"count":36,"href":"https:\/\/gwiezdnykrag.pl\/index.php\/wp-json\/wp\/v2\/pages\/25\/revisions"}],"predecessor-version":[{"id":1457,"href":"https:\/\/gwiezdnykrag.pl\/index.php\/wp-json\/wp\/v2\/pages\/25\/revisions\/1457"}],"wp:attachment":[{"href":"https:\/\/gwiezdnykrag.pl\/index.php\/wp-json\/wp\/v2\/media?parent=25"}],"curies":[{"name":"wp","href":"https:\/\/api.w.org\/{rel}","templated":true}]}}